{"id":82,"date":"2018-12-21T07:44:07","date_gmt":"2018-12-21T09:44:07","guid":{"rendered":"https:\/\/combatefogo.com.br\/site\/?page_id=82"},"modified":"2018-12-21T08:02:50","modified_gmt":"2018-12-21T10:02:50","slug":"luminarias","status":"publish","type":"page","link":"https:\/\/combatefogo.com.br\/site\/produtos\/luminarias\/","title":{"rendered":"LUMIN\u00c1RIAS"},"content":{"rendered":"<p>[vc_row][vc_column]<div id=\"ultimate-heading-58516a067517b7a3b\" class=\"uvc-heading ult-adjust-bottom-margin ultimate-heading-58516a067517b7a3b uvc-742 \" data-hspacer=\"no_spacer\"  data-halign=\"center\" style=\"text-align:center\"><div class=\"uvc-heading-spacer no_spacer\" style=\"top\"><\/div><div class=\"uvc-main-heading ult-responsive\"  data-ultimate-target='.uvc-heading.ultimate-heading-58516a067517b7a3b h2'  data-responsive-json-new='{\"font-size\":\"\",\"line-height\":\"\"}' ><h2 style=\"font-weight:normal;\">Procurando por lumin\u00e1rias ?<\/h2><\/div><div class=\"uvc-sub-heading ult-responsive\"  data-ultimate-target='.uvc-heading.ultimate-heading-58516a067517b7a3b .uvc-sub-heading '  data-responsive-json-new='{\"font-size\":\"\",\"line-height\":\"\"}'  style=\"font-weight:normal;\">Temos a solu\u00e7\u00e3o completa em nosso estoque. Confira e solicite um or\u00e7amento sem compromisso.<\/div><\/div>[\/vc_column][\/vc_row][vc_row][vc_column][vc_empty_space]<div id=\"ultimate-heading-96226a067517b7a5e\" class=\"uvc-heading ult-adjust-bottom-margin ultimate-heading-96226a067517b7a5e uvc-8229 \" data-hspacer=\"no_spacer\"  data-halign=\"center\" style=\"text-align:center\"><div class=\"uvc-heading-spacer no_spacer\" style=\"top\"><\/div><div class=\"uvc-main-heading ult-responsive\"  data-ultimate-target='.uvc-heading.ultimate-heading-96226a067517b7a5e h2'  data-responsive-json-new='{\"font-size\":\"\",\"line-height\":\"\"}' ><h2 style=\"font-weight:normal;\">(47) 3340.0203 ou 3340.0205<\/h2><\/div><div class=\"uvc-sub-heading ult-responsive\"  data-ultimate-target='.uvc-heading.ultimate-heading-96226a067517b7a5e .uvc-sub-heading '  data-responsive-json-new='{\"font-size\":\"\",\"line-height\":\"\"}'  style=\"font-weight:normal;\">Atendimento Personalizado<\/div><\/div>[vc_empty_space][vc_column_text]<\/p>\n\n\t\t\t<style type='text\/css'>\n\t\t\t\t#gallery-1 {\n\t\t\t\t\tmargin: auto;\n\t\t\t\t}\n\t\t\t\t#gallery-1 .gallery-item {\n\t\t\t\t\tfloat: left;\n\t\t\t\t\tmargin-top: 10px;\n\t\t\t\t\ttext-align: center;\n\t\t\t\t\twidth: 33%;\n\t\t\t\t}\n\t\t\t\t#gallery-1 img {\n\t\t\t\t\tborder: 2px solid #cfcfcf;\n\t\t\t\t}\n\t\t\t\t#gallery-1 .gallery-caption {\n\t\t\t\t\tmargin-left: 0;\n\t\t\t\t}\n\t\t\t\t\/* see gallery_shortcode() in wp-includes\/media.php *\/\n\t\t\t<\/style>\n\t\t<div id='gallery-1' class='dt-gallery-container gallery galleryid-83 gallery-columns-3 gallery-size-medium'><dl class='gallery-item'>\n\t\t\t\t<dt class='gallery-icon landscape'>\n\t\t\t\t\t<a data-description='' class='rollover rollover-zoom dt-pswp-item' title='LUMINARIA_30LED' data-dt-img-description='' data-large_image_width='405' data-large_image_height = '192'  href='https:\/\/combatefogo.com.br\/site\/wp-content\/uploads\/2018\/12\/LUMINARIA_30LED.png'><img loading=\"lazy\" decoding=\"async\" width=\"300\" height=\"142\" src=\"https:\/\/combatefogo.com.br\/site\/wp-content\/uploads\/2018\/12\/LUMINARIA_30LED-300x142.png\" class=\"attachment-medium size-medium\" alt=\"\" aria-describedby=\"gallery-1-90\" srcset=\"https:\/\/combatefogo.com.br\/site\/wp-content\/uploads\/2018\/12\/LUMINARIA_30LED-300x142.png 300w, https:\/\/combatefogo.com.br\/site\/wp-content\/uploads\/2018\/12\/LUMINARIA_30LED.png 405w\" sizes=\"(max-width: 300px) 100vw, 300px\" \/><\/a>\n\t\t\t\t<\/dt>\n\t\t\t\t\t<dd class='wp-caption-text gallery-caption' id='gallery-1-90'>\n\t\t\t\t\tLUMINARIA_30LED\n\t\t\t\t\t<\/dd><\/dl><dl class='gallery-item'>\n\t\t\t\t<dt class='gallery-icon landscape'>\n\t\t\t\t\t<a data-description='' class='rollover rollover-zoom dt-pswp-item' title='LUMINARIA_DE_EMERGENCIA_TUBULAR_SUPER-SLIM' data-dt-img-description='' data-large_image_width='1024' data-large_image_height = '1024'  href='https:\/\/combatefogo.com.br\/site\/wp-content\/uploads\/2018\/12\/LUMINARIA_DE_EMERGENCIA_TUBULAR_SUPER-SLIM.jpeg'><img loading=\"lazy\" decoding=\"async\" width=\"300\" height=\"300\" src=\"https:\/\/combatefogo.com.br\/site\/wp-content\/uploads\/2018\/12\/LUMINARIA_DE_EMERGENCIA_TUBULAR_SUPER-SLIM-300x300.jpeg\" class=\"attachment-medium size-medium\" alt=\"\" aria-describedby=\"gallery-1-95\" srcset=\"https:\/\/combatefogo.com.br\/site\/wp-content\/uploads\/2018\/12\/LUMINARIA_DE_EMERGENCIA_TUBULAR_SUPER-SLIM-150x150@2x.jpeg 300w, https:\/\/combatefogo.com.br\/site\/wp-content\/uploads\/2018\/12\/LUMINARIA_DE_EMERGENCIA_TUBULAR_SUPER-SLIM-150x150.jpeg 150w, https:\/\/combatefogo.com.br\/site\/wp-content\/uploads\/2018\/12\/LUMINARIA_DE_EMERGENCIA_TUBULAR_SUPER-SLIM.jpeg 1024w, https:\/\/combatefogo.com.br\/site\/wp-content\/uploads\/2018\/12\/LUMINARIA_DE_EMERGENCIA_TUBULAR_SUPER-SLIM-300x300@2x.jpeg 600w\" sizes=\"(max-width: 300px) 100vw, 300px\" \/><\/a>\n\t\t\t\t<\/dt>\n\t\t\t\t\t<dd class='wp-caption-text gallery-caption' id='gallery-1-95'>\n\t\t\t\t\tLUMINARIA_DE_EMERGENCIA_TUBULAR_SUPER-SLIM\n\t\t\t\t\t<\/dd><\/dl><dl class='gallery-item'>\n\t\t\t\t<dt class='gallery-icon landscape'>\n\t\t\t\t\t<a data-description='' class='rollover rollover-zoom dt-pswp-item' title='LUMINARIA_DE_EMERGENCIA_TUBULAR_SUPER-SLIM' data-dt-img-description='' data-large_image_width='857' data-large_image_height = '111'  href='https:\/\/combatefogo.com.br\/site\/wp-content\/uploads\/2018\/12\/LUMINARIA_DE_EMERGENCIA_TUBULAR_SUPER-SLIM.png'><img loading=\"lazy\" decoding=\"async\" width=\"300\" height=\"39\" src=\"https:\/\/combatefogo.com.br\/site\/wp-content\/uploads\/2018\/12\/LUMINARIA_DE_EMERGENCIA_TUBULAR_SUPER-SLIM-300x39.png\" class=\"attachment-medium size-medium\" alt=\"\" aria-describedby=\"gallery-1-97\" srcset=\"https:\/\/combatefogo.com.br\/site\/wp-content\/uploads\/2018\/12\/LUMINARIA_DE_EMERGENCIA_TUBULAR_SUPER-SLIM-300x39.png 300w, https:\/\/combatefogo.com.br\/site\/wp-content\/uploads\/2018\/12\/LUMINARIA_DE_EMERGENCIA_TUBULAR_SUPER-SLIM.png 857w, https:\/\/combatefogo.com.br\/site\/wp-content\/uploads\/2018\/12\/LUMINARIA_DE_EMERGENCIA_TUBULAR_SUPER-SLIM-300x39@2x.png 600w\" sizes=\"(max-width: 300px) 100vw, 300px\" \/><\/a>\n\t\t\t\t<\/dt>\n\t\t\t\t\t<dd class='wp-caption-text gallery-caption' id='gallery-1-97'>\n\t\t\t\t\tLUMINARIA_DE_EMERGENCIA_TUBULAR_SUPER-SLIM\n\t\t\t\t\t<\/dd><\/dl><br style=\"clear: both\" \/><dl class='gallery-item'>\n\t\t\t\t<dt class='gallery-icon landscape'>\n\t\t\t\t\t<a data-description='' class='rollover rollover-zoom dt-pswp-item' title='LUMINARIA_DE_EMERGENCIA_60_LEDS-SLIM' data-dt-img-description='' data-large_image_width='900' data-large_image_height = '900'  href='https:\/\/combatefogo.com.br\/site\/wp-content\/uploads\/2018\/12\/LUMINARIA_DE_EMERGENCIA_60_LEDS-SLIM.jpg'><img loading=\"lazy\" decoding=\"async\" width=\"300\" height=\"300\" src=\"https:\/\/combatefogo.com.br\/site\/wp-content\/uploads\/2018\/12\/LUMINARIA_DE_EMERGENCIA_60_LEDS-SLIM-300x300.jpg\" class=\"attachment-medium size-medium\" alt=\"\" aria-describedby=\"gallery-1-94\" srcset=\"https:\/\/combatefogo.com.br\/site\/wp-content\/uploads\/2018\/12\/LUMINARIA_DE_EMERGENCIA_60_LEDS-SLIM-150x150@2x.jpg 300w, https:\/\/combatefogo.com.br\/site\/wp-content\/uploads\/2018\/12\/LUMINARIA_DE_EMERGENCIA_60_LEDS-SLIM-150x150.jpg 150w, https:\/\/combatefogo.com.br\/site\/wp-content\/uploads\/2018\/12\/LUMINARIA_DE_EMERGENCIA_60_LEDS-SLIM.jpg 900w, https:\/\/combatefogo.com.br\/site\/wp-content\/uploads\/2018\/12\/LUMINARIA_DE_EMERGENCIA_60_LEDS-SLIM-300x300@2x.jpg 600w\" sizes=\"(max-width: 300px) 100vw, 300px\" \/><\/a>\n\t\t\t\t<\/dt>\n\t\t\t\t\t<dd class='wp-caption-text gallery-caption' id='gallery-1-94'>\n\t\t\t\t\tLUMINARIA_DE_EMERGENCIA_60_LEDS-SLIM\n\t\t\t\t\t<\/dd><\/dl><dl class='gallery-item'>\n\t\t\t\t<dt class='gallery-icon landscape'>\n\t\t\t\t\t<a data-description='' class='rollover rollover-zoom dt-pswp-item' title='LUMINARIA_DE_EMERGENCIA_60_LEDS-SLIM' data-dt-img-description='' data-large_image_width='1024' data-large_image_height = '1024'  href='https:\/\/combatefogo.com.br\/site\/wp-content\/uploads\/2018\/12\/LUMINARIA_DE_EMERGENCIA_60_LEDS-SLIM.jpeg'><img loading=\"lazy\" decoding=\"async\" width=\"300\" height=\"300\" src=\"https:\/\/combatefogo.com.br\/site\/wp-content\/uploads\/2018\/12\/LUMINARIA_DE_EMERGENCIA_60_LEDS-SLIM-300x300.jpeg\" class=\"attachment-medium size-medium\" alt=\"\" aria-describedby=\"gallery-1-93\" srcset=\"https:\/\/combatefogo.com.br\/site\/wp-content\/uploads\/2018\/12\/LUMINARIA_DE_EMERGENCIA_60_LEDS-SLIM-150x150@2x.jpeg 300w, https:\/\/combatefogo.com.br\/site\/wp-content\/uploads\/2018\/12\/LUMINARIA_DE_EMERGENCIA_60_LEDS-SLIM-150x150.jpeg 150w, https:\/\/combatefogo.com.br\/site\/wp-content\/uploads\/2018\/12\/LUMINARIA_DE_EMERGENCIA_60_LEDS-SLIM.jpeg 1024w, https:\/\/combatefogo.com.br\/site\/wp-content\/uploads\/2018\/12\/LUMINARIA_DE_EMERGENCIA_60_LEDS-SLIM-300x300@2x.jpeg 600w\" sizes=\"(max-width: 300px) 100vw, 300px\" \/><\/a>\n\t\t\t\t<\/dt>\n\t\t\t\t\t<dd class='wp-caption-text gallery-caption' id='gallery-1-93'>\n\t\t\t\t\tLUMINARIA_DE_EMERGENCIA_60_LEDS-SLIM\n\t\t\t\t\t<\/dd><\/dl><dl class='gallery-item'>\n\t\t\t\t<dt class='gallery-icon portrait'>\n\t\t\t\t\t<a data-description='' class='rollover rollover-zoom dt-pswp-item' title='LUMINARIA_60LED-SLIM' data-dt-img-description='' data-large_image_width='152' data-large_image_height = '886'  href='https:\/\/combatefogo.com.br\/site\/wp-content\/uploads\/2018\/12\/LUMINARIA_60LED-SLIM.png'><img loading=\"lazy\" decoding=\"async\" width=\"51\" height=\"300\" src=\"https:\/\/combatefogo.com.br\/site\/wp-content\/uploads\/2018\/12\/LUMINARIA_60LED-SLIM-51x300.png\" class=\"attachment-medium size-medium\" alt=\"\" aria-describedby=\"gallery-1-92\" srcset=\"https:\/\/combatefogo.com.br\/site\/wp-content\/uploads\/2018\/12\/LUMINARIA_60LED-SLIM-51x300.png 51w, https:\/\/combatefogo.com.br\/site\/wp-content\/uploads\/2018\/12\/LUMINARIA_60LED-SLIM-51x300@2x.png 102w\" sizes=\"(max-width: 51px) 100vw, 51px\" \/><\/a>\n\t\t\t\t<\/dt>\n\t\t\t\t\t<dd class='wp-caption-text gallery-caption' id='gallery-1-92'>\n\t\t\t\t\tLUMINARIA_60LED-SLIM\n\t\t\t\t\t<\/dd><\/dl><br style=\"clear: both\" \/><dl class='gallery-item'>\n\t\t\t\t<dt class='gallery-icon landscape'>\n\t\t\t\t\t<a data-description='' class='rollover rollover-zoom dt-pswp-item' title='LUMINARIA DE EMERGENCIA_TUBULAR' data-dt-img-description='' data-large_image_width='960' data-large_image_height = '960'  href='https:\/\/combatefogo.com.br\/site\/wp-content\/uploads\/2018\/12\/LUMINARIA-DE-EMERGENCIA_TUBULAR.png'><img loading=\"lazy\" decoding=\"async\" width=\"300\" height=\"300\" src=\"https:\/\/combatefogo.com.br\/site\/wp-content\/uploads\/2018\/12\/LUMINARIA-DE-EMERGENCIA_TUBULAR-300x300.png\" class=\"attachment-medium size-medium\" alt=\"\" aria-describedby=\"gallery-1-89\" srcset=\"https:\/\/combatefogo.com.br\/site\/wp-content\/uploads\/2018\/12\/LUMINARIA-DE-EMERGENCIA_TUBULAR-150x150@2x.png 300w, https:\/\/combatefogo.com.br\/site\/wp-content\/uploads\/2018\/12\/LUMINARIA-DE-EMERGENCIA_TUBULAR-150x150.png 150w, https:\/\/combatefogo.com.br\/site\/wp-content\/uploads\/2018\/12\/LUMINARIA-DE-EMERGENCIA_TUBULAR.png 960w, https:\/\/combatefogo.com.br\/site\/wp-content\/uploads\/2018\/12\/LUMINARIA-DE-EMERGENCIA_TUBULAR-300x300@2x.png 600w\" sizes=\"(max-width: 300px) 100vw, 300px\" \/><\/a>\n\t\t\t\t<\/dt>\n\t\t\t\t\t<dd class='wp-caption-text gallery-caption' id='gallery-1-89'>\n\t\t\t\t\tLUMINARIA DE EMERGENCIA_TUBULAR\n\t\t\t\t\t<\/dd><\/dl><dl class='gallery-item'>\n\t\t\t\t<dt class='gallery-icon landscape'>\n\t\t\t\t\t<a data-description='' class='rollover rollover-zoom dt-pswp-item' title='lumin\u00e1ria 1200 lumens IP65 Titan' data-dt-img-description='' data-large_image_width='900' data-large_image_height = '900'  href='https:\/\/combatefogo.com.br\/site\/wp-content\/uploads\/2018\/12\/lumin\u00e1ria-1200-lumens-IP65-Titan.jpg'><img loading=\"lazy\" decoding=\"async\" width=\"300\" height=\"300\" src=\"https:\/\/combatefogo.com.br\/site\/wp-content\/uploads\/2018\/12\/lumin\u00e1ria-1200-lumens-IP65-Titan-300x300.jpg\" class=\"attachment-medium size-medium\" alt=\"\" aria-describedby=\"gallery-1-88\" srcset=\"https:\/\/combatefogo.com.br\/site\/wp-content\/uploads\/2018\/12\/lumin\u00e1ria-1200-lumens-IP65-Titan-150x150@2x.jpg 300w, https:\/\/combatefogo.com.br\/site\/wp-content\/uploads\/2018\/12\/lumin\u00e1ria-1200-lumens-IP65-Titan-150x150.jpg 150w, https:\/\/combatefogo.com.br\/site\/wp-content\/uploads\/2018\/12\/lumin\u00e1ria-1200-lumens-IP65-Titan.jpg 900w, https:\/\/combatefogo.com.br\/site\/wp-content\/uploads\/2018\/12\/lumin\u00e1ria-1200-lumens-IP65-Titan-300x300@2x.jpg 600w\" sizes=\"(max-width: 300px) 100vw, 300px\" \/><\/a>\n\t\t\t\t<\/dt>\n\t\t\t\t\t<dd class='wp-caption-text gallery-caption' id='gallery-1-88'>\n\t\t\t\t\tlumin\u00e1ria 1200 lumens IP65 Titan\n\t\t\t\t\t<\/dd><\/dl><dl class='gallery-item'>\n\t\t\t\t<dt class='gallery-icon landscape'>\n\t\t\t\t\t<a data-description='' class='rollover rollover-zoom dt-pswp-item' title='lumin\u00e1ria 600 lumens' data-dt-img-description='' data-large_image_width='900' data-large_image_height = '900'  href='https:\/\/combatefogo.com.br\/site\/wp-content\/uploads\/2018\/12\/lumin\u00e1ria-600-lumens.jpg'><img loading=\"lazy\" decoding=\"async\" width=\"300\" height=\"300\" src=\"https:\/\/combatefogo.com.br\/site\/wp-content\/uploads\/2018\/12\/lumin\u00e1ria-600-lumens-300x300.jpg\" class=\"attachment-medium size-medium\" alt=\"\" aria-describedby=\"gallery-1-87\" srcset=\"https:\/\/combatefogo.com.br\/site\/wp-content\/uploads\/2018\/12\/lumin\u00e1ria-600-lumens-150x150@2x.jpg 300w, https:\/\/combatefogo.com.br\/site\/wp-content\/uploads\/2018\/12\/lumin\u00e1ria-600-lumens-150x150.jpg 150w, https:\/\/combatefogo.com.br\/site\/wp-content\/uploads\/2018\/12\/lumin\u00e1ria-600-lumens.jpg 900w, https:\/\/combatefogo.com.br\/site\/wp-content\/uploads\/2018\/12\/lumin\u00e1ria-600-lumens-300x300@2x.jpg 600w\" sizes=\"(max-width: 300px) 100vw, 300px\" \/><\/a>\n\t\t\t\t<\/dt>\n\t\t\t\t\t<dd class='wp-caption-text gallery-caption' id='gallery-1-87'>\n\t\t\t\t\tlumin\u00e1ria 600 lumens\n\t\t\t\t\t<\/dd><\/dl><br style=\"clear: both\" \/><dl class='gallery-item'>\n\t\t\t\t<dt class='gallery-icon landscape'>\n\t\t\t\t\t<a data-description='' class='rollover rollover-zoom dt-pswp-item' title='lumin\u00e1ria 400 lumens' data-dt-img-description='' data-large_image_width='900' data-large_image_height = '900'  href='https:\/\/combatefogo.com.br\/site\/wp-content\/uploads\/2018\/12\/lumin\u00e1ria-400-lumens.jpg'><img loading=\"lazy\" decoding=\"async\" width=\"300\" height=\"300\" src=\"https:\/\/combatefogo.com.br\/site\/wp-content\/uploads\/2018\/12\/lumin\u00e1ria-400-lumens-300x300.jpg\" class=\"attachment-medium size-medium\" alt=\"\" aria-describedby=\"gallery-1-86\" srcset=\"https:\/\/combatefogo.com.br\/site\/wp-content\/uploads\/2018\/12\/lumin\u00e1ria-400-lumens-150x150@2x.jpg 300w, https:\/\/combatefogo.com.br\/site\/wp-content\/uploads\/2018\/12\/lumin\u00e1ria-400-lumens-150x150.jpg 150w, https:\/\/combatefogo.com.br\/site\/wp-content\/uploads\/2018\/12\/lumin\u00e1ria-400-lumens.jpg 900w, https:\/\/combatefogo.com.br\/site\/wp-content\/uploads\/2018\/12\/lumin\u00e1ria-400-lumens-300x300@2x.jpg 600w\" sizes=\"(max-width: 300px) 100vw, 300px\" \/><\/a>\n\t\t\t\t<\/dt>\n\t\t\t\t\t<dd class='wp-caption-text gallery-caption' id='gallery-1-86'>\n\t\t\t\t\tlumin\u00e1ria 400 lumens\n\t\t\t\t\t<\/dd><\/dl><dl class='gallery-item'>\n\t\t\t\t<dt class='gallery-icon landscape'>\n\t\t\t\t\t<a data-description='' class='rollover rollover-zoom dt-pswp-item' title='Lumin\u00e1ria 200 lumens' data-dt-img-description='' data-large_image_width='900' data-large_image_height = '900'  href='https:\/\/combatefogo.com.br\/site\/wp-content\/uploads\/2018\/12\/Lumin\u00e1ria-200-lumens.jpg'><img loading=\"lazy\" decoding=\"async\" width=\"300\" height=\"300\" src=\"https:\/\/combatefogo.com.br\/site\/wp-content\/uploads\/2018\/12\/Lumin\u00e1ria-200-lumens-300x300.jpg\" class=\"attachment-medium size-medium\" alt=\"\" aria-describedby=\"gallery-1-85\" srcset=\"https:\/\/combatefogo.com.br\/site\/wp-content\/uploads\/2018\/12\/Lumin\u00e1ria-200-lumens-150x150@2x.jpg 300w, https:\/\/combatefogo.com.br\/site\/wp-content\/uploads\/2018\/12\/Lumin\u00e1ria-200-lumens-150x150.jpg 150w, https:\/\/combatefogo.com.br\/site\/wp-content\/uploads\/2018\/12\/Lumin\u00e1ria-200-lumens.jpg 900w, https:\/\/combatefogo.com.br\/site\/wp-content\/uploads\/2018\/12\/Lumin\u00e1ria-200-lumens-300x300@2x.jpg 600w\" sizes=\"(max-width: 300px) 100vw, 300px\" \/><\/a>\n\t\t\t\t<\/dt>\n\t\t\t\t\t<dd class='wp-caption-text gallery-caption' id='gallery-1-85'>\n\t\t\t\t\tLumin\u00e1ria 200 lumens\n\t\t\t\t\t<\/dd><\/dl><dl class='gallery-item'>\n\t\t\t\t<dt class='gallery-icon landscape'>\n\t\t\t\t\t<a data-description='' class='rollover rollover-zoom dt-pswp-item' title='luminaria-de-emergencia-com-sensor-led-288-lumens-segurimax-bivolt_1' data-dt-img-description='' data-large_image_width='1375' data-large_image_height = '1354'  href='https:\/\/combatefogo.com.br\/site\/wp-content\/uploads\/2018\/12\/luminaria-de-emergencia-com-sensor-led-288-lumens-segurimax-bivolt_1.png'><img loading=\"lazy\" decoding=\"async\" width=\"300\" height=\"295\" src=\"https:\/\/combatefogo.com.br\/site\/wp-content\/uploads\/2018\/12\/luminaria-de-emergencia-com-sensor-led-288-lumens-segurimax-bivolt_1-300x295.png\" class=\"attachment-medium size-medium\" alt=\"\" srcset=\"https:\/\/combatefogo.com.br\/site\/wp-content\/uploads\/2018\/12\/luminaria-de-emergencia-com-sensor-led-288-lumens-segurimax-bivolt_1-300x295.png 300w, https:\/\/combatefogo.com.br\/site\/wp-content\/uploads\/2018\/12\/luminaria-de-emergencia-com-sensor-led-288-lumens-segurimax-bivolt_1-1024x1008.png 1024w, https:\/\/combatefogo.com.br\/site\/wp-content\/uploads\/2018\/12\/luminaria-de-emergencia-com-sensor-led-288-lumens-segurimax-bivolt_1.png 1375w, https:\/\/combatefogo.com.br\/site\/wp-content\/uploads\/2018\/12\/luminaria-de-emergencia-com-sensor-led-288-lumens-segurimax-bivolt_1-300x295@2x.png 600w\" sizes=\"(max-width: 300px) 100vw, 300px\" \/><\/a>\n\t\t\t\t<\/dt><\/dl><br style=\"clear: both\" \/>\n\t\t\t<\/div>\n\n<p>[\/vc_column_text][vc_empty_space][\/vc_column][\/vc_row][vc_row][vc_column width=&#8221;2\/3&#8243;][vc_row_inner][vc_column_inner][vc_column_text]Temos a linha completa de Lumin\u00e1rias. Conhe\u00e7a nossas solu\u00e7\u00f5es. Or\u00e7amento sem compromisso. N\u00e3o arrisque ficar sem energia e ou danificar seus equipamentos.[\/vc_column_text]<div id=\"ultimate-heading-32606a067517b9015\" class=\"uvc-heading ult-adjust-bottom-margin ultimate-heading-32606a067517b9015 uvc-829 \" data-hspacer=\"no_spacer\"  data-halign=\"center\" style=\"text-align:center\"><div class=\"uvc-heading-spacer no_spacer\" style=\"top\"><\/div><div class=\"uvc-sub-heading ult-responsive\"  data-ultimate-target='.uvc-heading.ultimate-heading-32606a067517b9015 .uvc-sub-heading '  data-responsive-json-new='{\"font-size\":\"\",\"line-height\":\"\"}'  style=\"font-weight:normal;\">Solicite um or\u00e7amento sem compromisso<\/div><\/div><div role=\"form\" class=\"wpcf7\" id=\"wpcf7-f102-o1\" lang=\"pt-BR\" dir=\"ltr\">\n<div class=\"screen-reader-response\"><\/div>\n<form action=\"\/site\/wp-json\/wp\/v2\/pages\/82#wpcf7-f102-o1\" method=\"post\" class=\"wpcf7-form\" novalidate=\"novalidate\">\n<div style=\"display: none;\">\n<input type=\"hidden\" name=\"_wpcf7\" value=\"102\" \/>\n<input type=\"hidden\" name=\"_wpcf7_version\" value=\"4.8\" \/>\n<input type=\"hidden\" name=\"_wpcf7_locale\" value=\"pt_BR\" \/>\n<input type=\"hidden\" name=\"_wpcf7_unit_tag\" value=\"wpcf7-f102-o1\" \/>\n<input type=\"hidden\" name=\"_wpcf7_container_post\" value=\"0\" \/>\n<input type=\"hidden\" name=\"_wpcf7_nonce\" value=\"9e6c3db9d8\" \/>\n<\/div>\n<p><label> Seu nome (obrigat\u00f3rio)<br \/>\n    <span class=\"wpcf7-form-control-wrap your-name\"><input type=\"text\" name=\"your-name\" value=\"\" size=\"40\" class=\"wpcf7-form-control wpcf7-text wpcf7-validates-as-required\" aria-required=\"true\" aria-invalid=\"false\" \/><\/span> <\/label><\/p>\n<p><label> Seu e-mail (obrigat\u00f3rio)<br \/>\n    <span class=\"wpcf7-form-control-wrap your-email\"><input type=\"email\" name=\"your-email\" value=\"\" size=\"40\" class=\"wpcf7-form-control wpcf7-text wpcf7-email wpcf7-validates-as-required wpcf7-validates-as-email\" aria-required=\"true\" aria-invalid=\"false\" \/><\/span> <\/label><\/p>\n<p><label> Assunto<br \/>\n    <span class=\"wpcf7-form-control-wrap your-subject\"><input type=\"text\" name=\"your-subject\" value=\"\" size=\"40\" class=\"wpcf7-form-control wpcf7-text\" aria-invalid=\"false\" \/><\/span> <\/label><\/p>\n<p><label> Sua mensagem<br \/>\n    <span class=\"wpcf7-form-control-wrap your-message\"><textarea name=\"your-message\" cols=\"40\" rows=\"10\" class=\"wpcf7-form-control wpcf7-textarea\" aria-invalid=\"false\"><\/textarea><\/span> <\/label><\/p>\n<p><input type=\"submit\" value=\"Enviar\" class=\"wpcf7-form-control wpcf7-submit\" \/><\/p>\n<div class=\"wpcf7-response-output wpcf7-display-none\"><\/div><\/form><\/div>[\/vc_column_inner][\/vc_row_inner][\/vc_column][vc_column width=&#8221;1\/3&#8243;][vc_single_image image=&#8221;86&#8243; img_size=&#8221;large&#8221;][vc_single_image image=&#8221;88&#8243; img_size=&#8221;large&#8221;][\/vc_column][\/vc_row]<\/p>\n","protected":false},"excerpt":{"rendered":"<p>[vc_row][vc_column][\/vc_column][\/vc_row][vc_row][vc_column][vc_empty_space][vc_empty_space][vc_column_text] [\/vc_column_text][vc_empty_space][\/vc_column][\/vc_row][vc_row][vc_column width=&#8221;2\/3&#8243;][vc_row_inner][vc_column_inner][vc_column_text]Temos a linha completa de Lumin\u00e1rias. Conhe\u00e7a nossas solu\u00e7\u00f5es. Or\u00e7amento sem compromisso. N\u00e3o arrisque ficar sem energia e ou danificar seus equipamentos.[\/vc_column_text][\/vc_column_inner][\/vc_row_inner][\/vc_column][vc_column width=&#8221;1\/3&#8243;][vc_single_image image=&#8221;86&#8243; img_size=&#8221;large&#8221;][vc_single_image image=&#8221;88&#8243; img_size=&#8221;large&#8221;][\/vc_column][\/vc_row]<\/p>\n","protected":false},"author":1,"featured_media":0,"parent":13,"menu_order":0,"comment_status":"closed","ping_status":"closed","template":"","meta":[],"_links":{"self":[{"href":"https:\/\/combatefogo.com.br\/site\/wp-json\/wp\/v2\/pages\/82"}],"collection":[{"href":"https:\/\/combatefogo.com.br\/site\/wp-json\/wp\/v2\/pages"}],"about":[{"href":"https:\/\/combatefogo.com.br\/site\/wp-json\/wp\/v2\/types\/page"}],"author":[{"embeddable":true,"href":"https:\/\/combatefogo.com.br\/site\/wp-json\/wp\/v2\/users\/1"}],"replies":[{"embeddable":true,"href":"https:\/\/combatefogo.com.br\/site\/wp-json\/wp\/v2\/comments?post=82"}],"version-history":[{"count":4,"href":"https:\/\/combatefogo.com.br\/site\/wp-json\/wp\/v2\/pages\/82\/revisions"}],"predecessor-version":[{"id":103,"href":"https:\/\/combatefogo.com.br\/site\/wp-json\/wp\/v2\/pages\/82\/revisions\/103"}],"up":[{"embeddable":true,"href":"https:\/\/combatefogo.com.br\/site\/wp-json\/wp\/v2\/pages\/13"}],"wp:attachment":[{"href":"https:\/\/combatefogo.com.br\/site\/wp-json\/wp\/v2\/media?parent=82"}],"curies":[{"name":"wp","href":"https:\/\/api.w.org\/{rel}","templated":true}]}}