{"id":15,"date":"2018-12-03T22:35:21","date_gmt":"2018-12-04T00:35:21","guid":{"rendered":"https:\/\/combatefogo.com.br\/site\/?page_id=15"},"modified":"2018-12-20T22:41:05","modified_gmt":"2018-12-21T00:41:05","slug":"empresa","status":"publish","type":"page","link":"https:\/\/combatefogo.com.br\/site\/empresa\/","title":{"rendered":"EMPRESA"},"content":{"rendered":"<p>[vc_row][vc_column][vc_column_text css_animation=&#8221;bottom-to-top&#8221;]A\u00a0<strong>Combate Fogo<\/strong>\u00a0est\u00e1 no mercado a mais de 4 anos atendendo clientes de toda a regi\u00e3o de Santa Catarina. Contamos com representantes qualificados para prestar o melhor servi\u00e7o.[\/vc_column_text][\/vc_column][\/vc_row]<\/p>\n","protected":false},"excerpt":{"rendered":"<p>[vc_row][vc_column][vc_column_text css_animation=&#8221;bottom-to-top&#8221;]A\u00a0Combate Fogo\u00a0est\u00e1 no mercado a mais de 4 anos atendendo clientes de toda a regi\u00e3o de Santa Catarina. Contamos com representantes qualificados para prestar o melhor servi\u00e7o.[\/vc_column_text][\/vc_column][\/vc_row]<\/p>\n","protected":false},"author":1,"featured_media":0,"parent":0,"menu_order":2,"comment_status":"closed","ping_status":"closed","template":"","meta":[],"_links":{"self":[{"href":"https:\/\/combatefogo.com.br\/site\/wp-json\/wp\/v2\/pages\/15"}],"collection":[{"href":"https:\/\/combatefogo.com.br\/site\/wp-json\/wp\/v2\/pages"}],"about":[{"href":"https:\/\/combatefogo.com.br\/site\/wp-json\/wp\/v2\/types\/page"}],"author":[{"embeddable":true,"href":"https:\/\/combatefogo.com.br\/site\/wp-json\/wp\/v2\/users\/1"}],"replies":[{"embeddable":true,"href":"https:\/\/combatefogo.com.br\/site\/wp-json\/wp\/v2\/comments?post=15"}],"version-history":[{"count":2,"href":"https:\/\/combatefogo.com.br\/site\/wp-json\/wp\/v2\/pages\/15\/revisions"}],"predecessor-version":[{"id":24,"href":"https:\/\/combatefogo.com.br\/site\/wp-json\/wp\/v2\/pages\/15\/revisions\/24"}],"wp:attachment":[{"href":"https:\/\/combatefogo.com.br\/site\/wp-json\/wp\/v2\/media?parent=15"}],"curies":[{"name":"wp","href":"https:\/\/api.w.org\/{rel}","templated":true}]}}